{"id":49,"date":"2023-10-25T16:25:00","date_gmt":"2023-10-25T14:25:00","guid":{"rendered":"https:\/\/www.adopttaweed.fr\/?page_id=49"},"modified":"2023-11-20T22:38:29","modified_gmt":"2023-11-20T20:38:29","slug":"accueil","status":"publish","type":"page","link":"https:\/\/www.adopttaweed.fr\/","title":{"rendered":"Accueil"},"content":{"rendered":"\t\t<div data-elementor-type=\"wp-page\" data-elementor-id=\"49\" class=\"elementor elementor-49\">\n\t\t\t\t<div class=\"elementor-element elementor-element-c375f79 e-flex e-con-boxed e-con e-parent\" data-id=\"c375f79\" data-element_type=\"container\" data-core-v316-plus=\"true\">\n\t\t\t\t\t<div class=\"e-con-inner\">\n\t\t\t\t<div class=\"elementor-element elementor-element-610be1c elementor-widget elementor-widget-html\" data-id=\"610be1c\" data-element_type=\"widget\" data-widget_type=\"html.default\">\n\t\t\t\t<div class=\"elementor-widget-container\">\n\t\t\t<script src=\"https:\/\/static.elfsight.com\/platform\/platform.js\" data-use-service-core defer><\/script>\r\n<div class=\"elfsight-app-0a4b780f-33e3-4afa-a6dc-4533e17456e1\" data-elfsight-app-lazy><\/div>\t\t<\/div>\n\t\t\t\t<\/div>\n\t\t\t\t<div class=\"elementor-element elementor-element-63459af elementor-widget elementor-widget-image\" data-id=\"63459af\" data-element_type=\"widget\" data-widget_type=\"image.default\">\n\t\t\t\t<div class=\"elementor-widget-container\">\n\t\t\t<style>\/*! elementor - v3.20.0 - 11-03-2024 *\/\n.elementor-widget-image{text-align:center}.elementor-widget-image a{display:inline-block}.elementor-widget-image a img[src$=\".svg\"]{width:48px}.elementor-widget-image img{vertical-align:middle;display:inline-block}<\/style>\t\t\t\t\t\t\t\t\t\t<img fetchpriority=\"high\" decoding=\"async\" width=\"728\" height=\"1024\" src=\"data:image\/gif;base64,R0lGODlhAQABAIAAAAAAAP\/\/\/yH5BAEAAAAALAAAAAABAAEAAAIBRAA7\" data-src=\"https:\/\/i0.wp.com\/www.adopttaweed.fr\/wp-content\/uploads\/2023\/10\/Promo-lancement.jpg?fit=728%2C1024&amp;ssl=1\" class=\"attachment-large size-large wp-image-62 lazyload\" alt=\"\" data-srcset=\"https:\/\/i0.wp.com\/www.adopttaweed.fr\/wp-content\/uploads\/2023\/10\/Promo-lancement.jpg?w=987&amp;ssl=1 987w, https:\/\/i0.wp.com\/www.adopttaweed.fr\/wp-content\/uploads\/2023\/10\/Promo-lancement.jpg?resize=213%2C300&amp;ssl=1 213w, https:\/\/i0.wp.com\/www.adopttaweed.fr\/wp-content\/uploads\/2023\/10\/Promo-lancement.jpg?resize=728%2C1024&amp;ssl=1 728w, https:\/\/i0.wp.com\/www.adopttaweed.fr\/wp-content\/uploads\/2023\/10\/Promo-lancement.jpg?resize=768%2C1081&amp;ssl=1 768w, https:\/\/i0.wp.com\/www.adopttaweed.fr\/wp-content\/uploads\/2023\/10\/Promo-lancement.jpg?resize=600%2C844&amp;ssl=1 600w\" sizes=\"(max-width: 728px) 100vw, 728px\" \/><noscript><img decoding=\"async\" width=\"728\" height=\"1024\" src=\"https:\/\/i0.wp.com\/www.adopttaweed.fr\/wp-content\/uploads\/2023\/10\/Promo-lancement.jpg?fit=728%2C1024&amp;ssl=1\" class=\"attachment-large size-large wp-image-62 lazyload\" alt=\"\" srcset=\"https:\/\/i0.wp.com\/www.adopttaweed.fr\/wp-content\/uploads\/2023\/10\/Promo-lancement.jpg?w=987&amp;ssl=1 987w, https:\/\/i0.wp.com\/www.adopttaweed.fr\/wp-content\/uploads\/2023\/10\/Promo-lancement.jpg?resize=213%2C300&amp;ssl=1 213w, https:\/\/i0.wp.com\/www.adopttaweed.fr\/wp-content\/uploads\/2023\/10\/Promo-lancement.jpg?resize=728%2C1024&amp;ssl=1 728w, https:\/\/i0.wp.com\/www.adopttaweed.fr\/wp-content\/uploads\/2023\/10\/Promo-lancement.jpg?resize=768%2C1081&amp;ssl=1 768w, https:\/\/i0.wp.com\/www.adopttaweed.fr\/wp-content\/uploads\/2023\/10\/Promo-lancement.jpg?resize=600%2C844&amp;ssl=1 600w\" sizes=\"(max-width: 728px) 100vw, 728px\" \/><\/noscript>\t\t\t\t\t\t\t\t\t\t\t\t\t<\/div>\n\t\t\t\t<\/div>\n\t\t\t\t\t<\/div>\n\t\t\t\t<\/div>\n\t\t<div class=\"elementor-element elementor-element-6eb0462 e-flex e-con-boxed e-con e-parent\" data-id=\"6eb0462\" data-element_type=\"container\" data-core-v316-plus=\"true\">\n\t\t\t\t\t<div class=\"e-con-inner\">\n\t\t\t\t<div class=\"elementor-element elementor-element-cd1d54f elementor-widget elementor-widget-text-editor\" data-id=\"cd1d54f\" data-element_type=\"widget\" data-widget_type=\"text-editor.default\">\n\t\t\t\t<div class=\"elementor-widget-container\">\n\t\t\t<style>\/*! elementor - v3.20.0 - 11-03-2024 *\/\n.elementor-widget-text-editor.elementor-drop-cap-view-stacked .elementor-drop-cap{background-color:#69727d;color:#fff}.elementor-widget-text-editor.elementor-drop-cap-view-framed .elementor-drop-cap{color:#69727d;border:3px solid;background-color:transparent}.elementor-widget-text-editor:not(.elementor-drop-cap-view-default) .elementor-drop-cap{margin-top:8px}.elementor-widget-text-editor:not(.elementor-drop-cap-view-default) .elementor-drop-cap-letter{width:1em;height:1em}.elementor-widget-text-editor .elementor-drop-cap{float:left;text-align:center;line-height:1;font-size:50px}.elementor-widget-text-editor .elementor-drop-cap-letter{display:inline-block}<\/style>\t\t\t\t<h1><span style=\"color: #ff0000;\">*CODE PROMO :<\/span><\/h1><h2><span style=\"color: #99cc00;\">PREMIER25:<\/span><\/h2><blockquote><p>Ce code promo applique une r\u00e9duction de 25% sur votre panier<\/p><p>Code promo cr\u00e9e pour l&#8217;ouverture du site Adop&#8217;t ta weed avec une utilisation limit\u00e9 \u00e0 une fois par personnes , et limit\u00e9s a 20 personnes<\/p><\/blockquote><h2><span style=\"color: #99cc00;\">OUVERTURE15:<\/span><\/h2><blockquote><p>Ce code promo applique une r\u00e9duction de 15% sur votre panier.<\/p><p>Ce code est valabe pour une dur\u00e9e limit\u00e9e jusqu&#8217;au 00\/00\/0000 \u00e0 00h00 heures fran\u00e7aise.<\/p><\/blockquote><hr \/><h1><span style=\"color: #ff0000;\">LIVRAISON:<\/span><\/h1><h2><span style=\"color: #99cc00;\">Lettre Suivi discr\u00e8te\u00a0 :<\/span><\/h2><blockquote><p>Notre \u00e9quipes vous proposes un service de livraison national en lettre suivi \u00e0 domcile par la poste.<\/p><\/blockquote><h2><span style=\"color: #99cc00;\">**Livraison au alentours :<\/span><\/h2><blockquote><p>\u00a0Nous vous proposont un service de livraison dans la journ\u00e9e effectu\u00e9 par nos collaborateurs seulement dans les villes disponible autours : Auxerre , Mon\u00e9teau , Saint George sur Baulche.<\/p><p>Avec ce type de livraison vous avez la possibilit\u00e9e de pay\u00e9s a la r\u00e9ception du colis en esp\u00e8ces au livreurs ( \u00a0Paiement \u00e0 la livraison Esp\u00e8ces a Auxerre).<\/p><p>Deux type de livraison sont disponible : la joun\u00e9e et le soir de 18h30 \u00e0 22h30 .\u00a0<\/p><\/blockquote><hr \/><p><span style=\"color: #ff6600;\">*Code promo non cumulable.<\/span><\/p><p><span style=\"color: #ff6600;\">**Attention toute commandes passez par la livraison au alentours ne respectants pas les ville disponibles sera annul\u00e9e et rembours\u00e9e.<\/span><\/p>\t\t\t\t\t\t<\/div>\n\t\t\t\t<\/div>\n\t\t\t\t\t<\/div>\n\t\t\t\t<\/div>\n\t\t\t\t<\/div>\n\t\t","protected":false},"excerpt":{"rendered":"<p>*CODE PROMO : PREMIER25: Ce code promo applique une r\u00e9duction de 25% sur votre panier Code promo cr\u00e9e pour l&#8217;ouverture du site Adop&#8217;t ta weed avec une utilisation limit\u00e9 \u00e0 une fois par personnes , et limit\u00e9s a 20 personnes OUVERTURE15: Ce code promo applique une r\u00e9duction de 15% sur votre panier. Ce code est [&hellip;]<\/p>\n","protected":false},"author":1,"featured_media":0,"parent":0,"menu_order":0,"comment_status":"closed","ping_status":"closed","template":"","meta":{"footnotes":""},"class_list":["post-49","page","type-page","status-publish","hentry","entry","owp-thumbs-layout-horizontal","owp-btn-big","owp-tabs-layout-section","has-no-thumbnails","has-product-nav"],"jetpack_sharing_enabled":true,"jetpack-related-posts":[],"_links":{"self":[{"href":"https:\/\/www.adopttaweed.fr\/index.php?rest_route=\/wp\/v2\/pages\/49","targetHints":{"allow":["GET"]}}],"collection":[{"href":"https:\/\/www.adopttaweed.fr\/index.php?rest_route=\/wp\/v2\/pages"}],"about":[{"href":"https:\/\/www.adopttaweed.fr\/index.php?rest_route=\/wp\/v2\/types\/page"}],"author":[{"embeddable":true,"href":"https:\/\/www.adopttaweed.fr\/index.php?rest_route=\/wp\/v2\/users\/1"}],"replies":[{"embeddable":true,"href":"https:\/\/www.adopttaweed.fr\/index.php?rest_route=%2Fwp%2Fv2%2Fcomments&post=49"}],"version-history":[{"count":17,"href":"https:\/\/www.adopttaweed.fr\/index.php?rest_route=\/wp\/v2\/pages\/49\/revisions"}],"predecessor-version":[{"id":169,"href":"https:\/\/www.adopttaweed.fr\/index.php?rest_route=\/wp\/v2\/pages\/49\/revisions\/169"}],"wp:attachment":[{"href":"https:\/\/www.adopttaweed.fr\/index.php?rest_route=%2Fwp%2Fv2%2Fmedia&parent=49"}],"curies":[{"name":"wp","href":"https:\/\/api.w.org\/{rel}","templated":true}]}}